{"id":3915,"date":"2021-04-26T23:47:26","date_gmt":"2021-04-26T22:47:26","guid":{"rendered":"https:\/\/blog.petertauber.de\/?page_id=3915"},"modified":"2021-04-26T23:47:26","modified_gmt":"2021-04-26T22:47:26","slug":"bibliographie","status":"publish","type":"page","link":"https:\/\/blog.petertauber.de\/?page_id=3915","title":{"rendered":"Bibliographie"},"content":{"rendered":"\n<h1 class=\"wp-block-heading\"><\/h1>\n\n\n\n<p>Peter Tauber, Was h\u00e4lt uns zusammen? L\u00f6sungen f\u00fcr die Einwanderungsgesellschaft, Freiburg im Breisgau, 2021. (erscheint am 14. Juni 2021)<\/p>\n\n\n\n<p>Peter Tauber, Du musst kein Held sein. Spitzenpolitiker, Marathonl\u00e4ufer, aber nicht unverwundbar, Solms 2020.<\/p>\n\n\n\n<p>Peter Tauber, \u201eSchon das Spiel ist Kampf, Krieg im kleinen&#8230;\u201c Sport und Milit\u00e4r von der Antike bis heute, in: Milit\u00e4rgeschichte 3\/2019, S.4-9.<\/p>\n\n\n\n<p>Peter Tauber, Recht und Freiheit verteidigen. Innere F\u00fchrung und deutsches Soldatentum im 21. Jahrhundert, in: Die politische Meinung, Nr. 556, Mai\/Juni 2019, S.20-24.<\/p>\n\n\n\n<p>Peter Tauber, Braucht unsere Gesellschaft die Kirchen, in: Elisabeth Dieckmann\/Karl-Heinz Wiesemann (Hrsg.), Wie viel Kirche braucht das Land? Christliches Zeugnis in einer s\u00e4kularen Gesellschaft, W\u00fcrzburg 2019, S. 105-118.<\/p>\n\n\n\n<p>Peter Tauber, Gott t\u00e4glich neu entdecken, in: Nikolaus Schneider (Hrsg.), Glaube Liebe Hoffnung. Die Bibel der Politikerinnen und Politiker, Hamburg 2018, S. 177-179.<\/p>\n\n\n\n<p>Peter Tauber, Wir sind Christdemokraten. Warum der Ruf nach einem Rechtsruck historisch falsch ist, in: Die politische Meinung, Nr. 549, M\u00e4rz\/April 2018, S.87-91.<\/p>\n\n\n\n<p>Peter Tauber, Weil der OFC auch im politischen Berlin zuhause ist, in: Petra Hutschenreiter\/Markus Horn (Hrsg.), 111 Gr\u00fcnde, Kickers Offenbach zu lieben, Berlin 2016, S. 99-102.<\/p>\n\n\n\n<p>Peter Tauber, Man muss nicht von allen geliebt werden, in: Gunnar Bender\/Georg Milde\/Jessica Prehlert (Hrsg.), Disruptive Affairs. Neue Denkans\u00e4tze f\u00fcr Kommunikatoren im Zeitalter digitaler Transformation, Berlin 2016, S. 93-97.<\/p>\n\n\n\n<p>Peter Tauber, \u201eViel zu lernen du noch hast\u201c \u2013 Medienkompetenz frei nach Yoda, in: Mike Friedrichsen\/Peter-J. Bisa (Hrsg.), Digitale Souver\u00e4nit\u00e4t. Vertrauen in der Netzwerkgesellschaft, Wiesbaden 2016, S. 113-117.<\/p>\n\n\n\n<p>Peter Tauber, Von der Wartburg in die Moderne. Zur weltgeschichtlichen Bedeutung der Reformation, in: Olaf Zimmermann\/Theo Gei\u00dfler (Hrsg.), Disputationen: Reflexionen zum Reformationsjubil\u00e4um 2017, Berlin 2. erw. und ver. Auflage 2015, 137-138.<\/p>\n\n\n\n<p>Peter Tauber, Mein erstes Mal Star Wars, in: Michael Scholten\/Wolf Jahnke, Mein erstes Mal Star Wars. Prominente und Fans erinnern sich, Marburg 2015, S. 117.<\/p>\n\n\n\n<p>Peter Tauber, Mehr als Reparaturen. Warum sich die Volksparteien ver\u00e4ndern m\u00fcssen, um erfolgreich zu bleiben, in: Die politische Meinung, Nr. 530, Januar\/Februar 2015, S. 17-22.<\/p>\n\n\n\n<p>Peter Tauber, \u201eMit Zuversicht\u201c. \u00dcber die Zukunft der CDU als Volkspartei, in: Die politische Meinung, Nr. 524, Januar\/Februar 2014, S. 108-111.<\/p>\n\n\n\n<p>Tauber, Peter: Social Media Leitfaden 2013, Soziale Medien in der politischen Kommunikation, Rheinbach 2013.<\/p>\n\n\n\n<p>Tauber, Peter: Schritte in die Zukunft \u2013 Heimat 3.0, in: Herbert F. Schnaudt, Wolfgang Thaenert (Hrsg.), Mediathek Hessen \u2013 Heimat 2.0, Berlin 2013, S. 26-33.<\/p>\n\n\n\n<p>Peter Tauber, Stolpersteine sind wir ein Loch im Strudel der Zeit, in: Rosemarie Bartel\/David Lupton (Hrsg.), Ein Stein \u2013 ein Name \u2013 ein Mensch. Stolpersteine Gelnhausen, Gelnhausen 2012, S. 206-208.<\/p>\n\n\n\n<p>Tauber, Peter: Das Hauptproblem ist: Die Deutschen bekommen zu wenig Kinder, in: Philipp Mi\u00dffelder (Hrsg.), Zukunft: Familie, o.O. 2010, S. 46-53.<\/p>\n\n\n\n<p>Peter Tauber, Die Idee der Volksgemeinschaft in der Turn- und Sportbewegung vor und nach 1918, in: Hans-Peter Brecht, Carsten Kretschmann, Wolfram Pyta (Hrsg.), Politik, Kommunikation und Kultur in der Weimarer Republik (Pforzheimer Gespr\u00e4che Bd. 4, Heidelberg 2009, S. 179-912.<\/p>\n\n\n\n<p>Peter Tauber, Vom Sch\u00fctzengraben auf den gr\u00fcnen Rasen. Der Erste Weltkrieg und die Entwicklung des Sports in Deutschland, M\u00fcnster 2008.<\/p>\n\n\n\n<p>Peter Tauber, \u201eJe h\u00e4rter Sport und Spiel, um so besser ersetzen sie uns den Krieg\u201c. Sport als Erziehungsmittel und Teil der milit\u00e4rischen Ausbildung in der Reichswehr der Weimarer Republik, in: Michael Kr\u00fcger (Hrsg.), \u201emens sana in corpore sano\u201c Gymnastik, Turnen, Spiel und Sport als Gegenstand der Bildungspolitik vom 18. bis zum 21. Jahrhundert. Jahrestagung der dvs-Sektion Sportgeschichte vom 7.-8. Juni 2007, Hamburg 2008, S 77-93.<\/p>\n\n\n\n<p>Peter Tauber, Der Krieg als \u201eweltersch\u00fctternde Olympiade\u201c. Der Sport als Allegorie f\u00fcr den Krieg in Briefen und Gedichten des Ersten Weltkrieges, in: Milit\u00e4rgeschichtliche Zeitschrift 66 (2007) 2, S. 309-330.<\/p>\n\n\n\n<p>Peter Tauber, \u201eWer will unter die Soldaten?\u201c S\u00f6ldner und Patrioten, gepresste Landeskinder und Staatsb\u00fcrger in Uniform, in: Milit\u00e4rgeschichte 3\/2007, S. 4-9.<\/p>\n\n\n\n<p>Peter Tauber, Dem Kaiser geben, was des Kaisers ist? Die Kriegszeitung des katholischen Priesterseminars Fulda als Spiegelbild des katholischen Selbstverst\u00e4ndnisses im Ersten Weltkrieg, in: Archiv f\u00fcr mittelrheinische Kirchengeschichte, 58. Jg., 2006, S. 215-240.<\/p>\n\n\n\n<p>Tauber, Peter: Gelnhausen im Mittelalter. Eine Bibliografie, in: Gelnh\u00e4user Geschichtsbl\u00e4tter 2006, S. 37-68.<\/p>\n\n\n\n<p>Peter Tauber, Der \u201efeldgraue\u201c Turner Fritz Nikolai und der Frankfurter Turnverein 1860 im Ersten Weltkrieg, in: Mitteilungen des Vereins f\u00fcr hessische Geschichte und Landeskunde, Nr. 47, Juli 2006, S. 17-19.<\/p>\n\n\n\n<p>Peter Tauber, \u201eSchickt uns Fu\u00dfb\u00e4lle\u2026\u201c Die Bedeutung des Fu\u00dfballs f\u00fcr deutsche Soldaten im Ersten Weltkrieg, in: Milit\u00e4rgeschichte 2\/2006, S. 14-17.<\/p>\n\n\n\n<p>Peter Tauber, \u201eV\u00f6lkerbundauswahl\u201c und \u201eSchlappekicker\u201c. Das runde Leder als Instrument nationalsozialistischer Kommunalpolitik in Frankfurt am Main, in: Informationen zur modernen Stadtgeschichte, Themenschwerpunkt Stadt und Fu\u00dfball, 1\/2006, S. 24-33.<\/p>\n\n\n\n<p>Peter Tauber, Frankfurts Ruf als Sportstadt. Sport und \u201eStadtmarketing\u201c im nationalsozialistischen Frankfurt, in: Sport und Gesellschaft \u2013 Sport and Society, 1\/2006, S. 104-123.<\/p>\n\n\n\n<p>Peter Tauber,\u201eSport und Entartung\u201c. Biologistische Argumente im Streit zwischen Turnen und Sport zu Beginn des 20. Jahrhunderts, in: SportZeiten 5 (2005) 3, S. 33-56.<\/p>\n\n\n\n<p>Peter Tauber, L\u00e4usejagd und Rohrkrepierer. Willi L\u00f6wer, an den Fronten des Zweiten Weltkrieges, Norderstedt 2005.<\/p>\n\n\n\n<p>Peter Tauber, Ein Historiker muss nicht Taxi fahren. Als Historiker in der politischen Organisation, in: Margot R\u00fchl (Hrsg.), Berufe f\u00fcr Historiker, Darmstadt 2004, S. 78-88.<\/p>\n\n\n\n<p>Peter Tauber, Der Staat setzt Trends. F\u00f6rderung und Instrumentalisierung des Sports im Kaiserreich, in: Hans-Joachim Teichler (Hrsg.), Moden und Trends im Sport und in der Sportgeschichtsschreibung, Jahrestagung der dvs-Sektion Sportgeschichte vom 8.-10. Juni 2001 in Potsdam, Hamburg, 2003, S. 91-106.<\/p>\n\n\n\n<p>Peter Tauber, Die Firma Gebr. Adt AG in W\u00e4chtersbach. Ein Betrieb in nationalsozialistischer Zeit, in: Sammlungen zur Geschichte von W\u00e4chtersbach, 42. Lieferung, 8\/2003, 5.1.3.8, 12 Seiten.<\/p>\n\n\n\n<p>Peter Tauber, 100 Jahre Radfahrer-Verein 02 W\u00e4chtersbach e.V. \u201e&#8230;treu unserm Sport\u201c, in: Sammlungen zur Geschichte von W\u00e4chtersbach, 41. Lieferung, 2\/2003, 7.5.6., 18 Seiten.<\/p>\n\n\n\n<p>Peter Tauber, \u201cDie Leibes\u00fcbungen sind eine besondere Art des Kampfes ums Dasein.\u201d Popularisierter Darwinismus in der Auseinandersetzung um die&nbsp; K\u00f6rperkultur in Deutschland um die Jahrhundertwende, in: Carsten Kretschmann (Hrsg.), Wissenspopularisierung. Konzepte der Wissensverbreitung im Wandel, Berlin 2003, S. 293-307.<\/p>\n\n\n\n<p>Peter Tauber, Heinrich von Langenstein und Konrad von Gelnhausen. Zwei aus Hessen stammende Konziliaristen und ihr Wirken im gro\u00dfen abendl\u00e4ndischen Schisma, in: Gelnh\u00e4user Geschichtsbl\u00e4tter 2000\/2001, S. 60-107.<\/p>\n\n\n\n<p>Peter Tauber, \u201eDie Zeit hat Siebenmeilenstiefel angezogen.\u201c W\u00e4chtersbach zwischen traditioneller Lebenswelt und Moderne, W\u00e4chtersbach 2001.<\/p>\n\n\n\n<p>Peter Tauber, Wie es damals war. Ansichten von Aufenau, Hesseldorf, Leisenwald, Neudorf, Waldensberg, Weilers, W\u00e4chtersbach und Wittgenborn, W\u00e4chtersbach 2000.<\/p>\n\n\n\n<p>Peter Tauber, Die Grimmelshausenschule. Die Geschichte des heutigen Grimmelshausen Gymnasiums Gelnhausen von seiner Gr\u00fcndung als Realschule 1909 bis heute, W\u00e4chtersbach 1997.<\/p>\n\n\n\n<p>Peter Tauber, Die Grimmelshausenschule und ihre wechselvolle Geschichte, in: Festschrift 50 Jahre Abitur in Gelnhausen, Gelnhausen 1997, S. 30-34.<\/p>\n\n\n\n<p>Peter Tauber, Der W\u00e4chtersbacher Nutzviehmarkt in nationalsozialistischer Zeit, in: Sammlungen zur Geschichte von W\u00e4chtersbach, 28. Lieferung, 8\/1996, 5.1.8.2., 11 Seiten.<\/p>\n\n\n\n<p>Peter Tauber, Die Geschichte des Grimmelshausen-Gymnasiums Gelnhausen seit 1945, in: Gelnh\u00e4user Geschichtsbl\u00e4tter 1995, S. 17-170.<\/p>\n\n\n\n<p><strong>Rezensionen und Tagungsberichte<\/strong><\/p>\n\n\n\n<p>Peter Tauber, Peter Lieb, Konventioneller Krieg oder NS-Weltanschauungskrieg? Kriegf\u00fchrung und Partisanenbek\u00e4mpfung in Frankreich 1943\/44 (Quellen und Darstellungen zur Zeitgeschichte, Bd. 69), Oldenburg 2007, in: Historische Zeitschrift, 286 (2008) 1, S. 264-266.<\/p>\n\n\n\n<p>Peter Tauber, Sport unter bildungspolitischen Gesichtspunkten, in: SportZeiten 7 (2007) 2, S. 130-132.<\/p>\n\n\n\n<p>Peter Tauber, &#8222;Transformation des deutschen Sports seit 1939&#8220;. Tagung der dvs-Sektion Sportgeschichte vom 16.-18.6.2000 in G\u00f6ttingen, in: SportZeit 1 (2001) 2, S. 117-119.<\/p>\n","protected":false},"excerpt":{"rendered":"<div class=\"entry-summary\"><p>Peter Tauber, Was h\u00e4lt uns zusammen? L\u00f6sungen f\u00fcr die Einwanderungsgesellschaft, Freiburg im Breisgau, 2021. (erscheint am 14. Juni 2021) Peter&hellip;<\/p>\n<\/div>\n<div class=\"link-more\">\n\t<a href=\"https:\/\/blog.petertauber.de\/?page_id=3915\" class=\"more-link\">\n\t\tWeiterlesen<span class=\"screen-reader-text\"> &ldquo;Bibliographie&rdquo;<\/span>&hellip;\t<\/a>\n<\/div>\n","protected":false},"author":2,"featured_media":0,"parent":0,"menu_order":0,"comment_status":"closed","ping_status":"closed","template":"","meta":{"jetpack_post_was_ever_published":false,"footnotes":""},"jetpack_sharing_enabled":true,"jetpack_shortlink":"https:\/\/wp.me\/P35WCI-119","_links":{"self":[{"href":"https:\/\/blog.petertauber.de\/index.php?rest_route=\/wp\/v2\/pages\/3915"}],"collection":[{"href":"https:\/\/blog.petertauber.de\/index.php?rest_route=\/wp\/v2\/pages"}],"about":[{"href":"https:\/\/blog.petertauber.de\/index.php?rest_route=\/wp\/v2\/types\/page"}],"author":[{"embeddable":true,"href":"https:\/\/blog.petertauber.de\/index.php?rest_route=\/wp\/v2\/users\/2"}],"replies":[{"embeddable":true,"href":"https:\/\/blog.petertauber.de\/index.php?rest_route=%2Fwp%2Fv2%2Fcomments&post=3915"}],"version-history":[{"count":1,"href":"https:\/\/blog.petertauber.de\/index.php?rest_route=\/wp\/v2\/pages\/3915\/revisions"}],"predecessor-version":[{"id":3916,"href":"https:\/\/blog.petertauber.de\/index.php?rest_route=\/wp\/v2\/pages\/3915\/revisions\/3916"}],"wp:attachment":[{"href":"https:\/\/blog.petertauber.de\/index.php?rest_route=%2Fwp%2Fv2%2Fmedia&parent=3915"}],"curies":[{"name":"wp","href":"https:\/\/api.w.org\/{rel}","templated":true}]}}